{"id":280,"date":"2022-09-08T14:39:48","date_gmt":"2022-09-08T14:39:48","guid":{"rendered":"https:\/\/rawmeteo.ro\/?page_id=280"},"modified":"2024-11-08T18:35:48","modified_gmt":"2024-11-08T18:35:48","slug":"organizatori","status":"publish","type":"page","link":"https:\/\/rawmeteo.ro\/?page_id=280","title":{"rendered":"ORGANIZATORI"},"content":{"rendered":"<p style=\"text-align: center;\"><strong>DESPRE NOI <\/strong><\/p>\n<p style=\"text-align: center;\">Organizarea concursului Raw Meteo se datoreaz\u0103 unei ini\u021biative pornite din partea a trei grupuri pasionate de fenomenele severe:<\/p>\n<ul>\n<li style=\"text-align: center;\"><strong>Asocia\u021bia Fotografi Hai-Hui<\/strong><\/li>\n<li style=\"text-align: center;\"><strong>Severe Weather Alert-S\u0103laj<\/strong><\/li>\n<li style=\"text-align: center;\"><strong> Meteo NORD-EST<\/strong><\/li>\n<\/ul>\n<p><img loading=\"lazy\" decoding=\"async\" class=\"aligncenter\" src=\"https:\/\/rawmeteo.ro\/wp1\/wp-content\/uploads\/2022\/09\/logo-Asoc-Fotografi-Hai-Hui-2021-negru-Copy-300x291.png\" sizes=\"auto, 100vw\" srcset=\"https:\/\/rawmeteo.ro\/wp1\/wp-content\/uploads\/2022\/09\/logo-Asoc-Fotografi-Hai-Hui-2021-negru-Copy-300x291.png 300w, https:\/\/rawmeteo.ro\/wp1\/wp-content\/uploads\/2022\/09\/logo-Asoc-Fotografi-Hai-Hui-2021-negru-Copy-1024x993.png 1024w, https:\/\/rawmeteo.ro\/wp1\/wp-content\/uploads\/2022\/09\/logo-Asoc-Fotografi-Hai-Hui-2021-negru-Copy-768x745.png 768w, https:\/\/rawmeteo.ro\/wp1\/wp-content\/uploads\/2022\/09\/logo-Asoc-Fotografi-Hai-Hui-2021-negru-Copy-1536x1490.png 1536w, https:\/\/rawmeteo.ro\/wp1\/wp-content\/uploads\/2022\/09\/logo-Asoc-Fotografi-Hai-Hui-2021-negru-Copy.png 1804w\" alt=\"\" width=\"300\" height=\"291\" \/><\/p>\n<p style=\"text-align: center;\">Asocia\u021bia Fotografi Hai-Hui a fost \u00eenfiin\u021bat\u0103 cu scopul de a \u00eencuraja nu doar fotografia dar, \u0219i pentru a promova locuri \u0219i peisaje mai pu\u021bin cunoscute, din Rom\u00e2nia, pentru a sus\u021bine oameni \u0219i comunit\u0103\u021bi de oameni, pentru a spune pove\u0219tile lor frumoase prin imagini \u0219i texte, pentru a aduce un surplus educa\u021biei acolo unde acesta este cerut \u0219i pentru a da fotografiei un alt rol, de sprijin, \u00eencurajare, ajutor, pornind de la o motiva\u021bie simpl\u0103: Fotografia une\u0219te oameni!.<\/p>\n<p style=\"text-align: center;\">Facebook: <a tabindex=\"0\" role=\"link\" href=\"https:\/\/www.facebook.com\/fotografihaihui\">https:\/\/www.facebook.com\/fotografihaihui<\/a><\/p>\n<p><img loading=\"lazy\" decoding=\"async\" class=\"aligncenter\" src=\"https:\/\/rawmeteo.ro\/wp1\/wp-content\/uploads\/2022\/09\/SWAS-watermark-300x300.png\" sizes=\"auto, 100vw\" srcset=\"https:\/\/rawmeteo.ro\/wp1\/wp-content\/uploads\/2022\/09\/SWAS-watermark-300x300.png 300w, https:\/\/rawmeteo.ro\/wp1\/wp-content\/uploads\/2022\/09\/SWAS-watermark-1024x1024.png 1024w, https:\/\/rawmeteo.ro\/wp1\/wp-content\/uploads\/2022\/09\/SWAS-watermark-150x150.png 150w, https:\/\/rawmeteo.ro\/wp1\/wp-content\/uploads\/2022\/09\/SWAS-watermark-768x768.png 768w, https:\/\/rawmeteo.ro\/wp1\/wp-content\/uploads\/2022\/09\/SWAS-watermark-1536x1536.png 1536w, https:\/\/rawmeteo.ro\/wp1\/wp-content\/uploads\/2022\/09\/SWAS-watermark-2048x2048.png 2048w, https:\/\/rawmeteo.ro\/wp1\/wp-content\/uploads\/2022\/09\/SWAS-watermark-2000x2000.png 2000w\" alt=\"\" width=\"300\" height=\"300\" \/><\/p>\n<p style=\"text-align: center;\">Severe Weather Alert-S\u0103laj este un proiect \u00eenfiin\u021bat \u00een data de 28.05.2019, dup\u0103 furtuna cu grindin\u0103 de mari dimensiuni care a f\u0103cut ravagii \u00een ora\u0219ul Zal\u0103u \u0219i alte zone din jude\u021b. Scopul proiectului este de a informa oamenii din jude\u021bul S\u0103laj \u00een leg\u0103tur\u0103 cu starea \u0219i prognoza vremii, dar \u0219i de a oferi informa\u021bii din punctul de vedere al educa\u021biei meteorologice (lec\u021bii pe diferite teme, analize etc). Punctul ,,forte&#8221; al proiectului este monitorizarea fenomenelor severe, membrii echipei ie\u0219ind pe teren (la v\u00e2n\u0103toare de furtuni), analiz\u00e2nd \u0219i oferind informa\u021bii vitale comunit\u0103\u021bii \u00een leg\u0103tur\u0103 cu evolu\u021bia evenimentelor. Recent, \u00een data de 14.05.2022, Severe Weather Alert-S\u0103laj a devenit ONG. Momentan, SWAS poate fi g\u0103sit doar pe Facebook, acolo fiind postate toate informa\u021biile \u0219i activit\u0103\u021bile din cadrul proiectului. \u00cen cadrul acestuia activeaz\u0103 3 membrii: Mihai Cri\u0219an (fondatorul proiectului), Sergiu Pavel \u0219i Andreea Pop. SWAS de\u021bine o re\u021bea de sta\u021bii automate private, amplasate \u00een puncte strategice din jude\u021b, acestea fiind 27 la num\u0103r \u00een acest moment.<\/p>\n<p style=\"text-align: center;\">Facebook:\u00a0 <a tabindex=\"0\" role=\"link\" href=\"https:\/\/www.facebook.com\/Severe-Weather-Alert-Salaj-103171011387730\/\">https:\/\/www.facebook.com\/Severe-Weather-Alert-Salaj-103171011387730\/<\/a><\/p>\n<p style=\"text-align: center;\">Instagram:<a tabindex=\"0\" role=\"link\" href=\"https:\/\/www.instagram.com\/severe_weather_alert_salaj?fbclid=IwAR0Bo3HYG6sh23tWHrZH1KotqFxO_Hxtm8Fihc7wFtT9Vw7N6bCUcd4Jrj8\" target=\"_blank\" rel=\"nofollow noopener noreferrer\"> https:\/\/www.instagram.com\/severe_weather_alert_salaj<\/a><\/p>\n<p><img loading=\"lazy\" decoding=\"async\" class=\"aligncenter\" src=\"https:\/\/rawmeteo.ro\/wp1\/wp-content\/uploads\/2024\/02\/NORDESTMETEO.png\" sizes=\"auto, 100vw\" alt=\"\" width=\"292\" height=\"292\" \/><\/p>\n<p style=\"text-align: center;\">Comunitatea METEO NORD-EST. Creat\u0103 pentru colectarea de imagini, informa\u021bii de pe teren, la 1 august 2015, pentru jude\u021bele Suceava \u0219i Boto\u0219ani. \u00cen prezent, cre\u0103m analize, prognoze neoficiale pentru toat\u0103 regiunea de Nord a Moldovei, cu acurate\u021be destul de ridicat\u0103. \u00cen acela\u0219i timp, contribuim la o c\u00e2t mai bun\u0103 educare a popula\u021biei din Nordul Moldovei, pentru a con\u0219tientiza impactul schimb\u0103rilor climatice asupra vie\u021bii de zi cu zi.<\/p>\n<p style=\"text-align: center;\">Facebook: <a tabindex=\"0\" role=\"link\" href=\"https:\/\/www.facebook.com\/MeteoSuceava.Botosani\">https:\/\/www.facebook.com\/MeteoSuceava.Botosani<\/a><\/p>\n","protected":false},"excerpt":{"rendered":"<p>DESPRE NOI Organizarea concursului Raw Meteo se datoreaz\u0103 unei ini\u021biative pornite din partea a trei grupuri pasionate de fenomenele severe: Asocia\u021bia Fotografi Hai-Hui Severe Weather Alert-S\u0103laj Meteo NORD-EST Asocia\u021bia Fotografi Hai-Hui a fost \u00eenfiin\u021bat\u0103 cu scopul de a \u00eencuraja nu doar fotografia dar, \u0219i pentru a promova locuri \u0219i peisaje mai pu\u021bin cunoscute, din Rom\u00e2nia, &hellip; <\/p>\n<p class=\"link-more\"><a href=\"https:\/\/rawmeteo.ro\/?page_id=280\" class=\"more-link\">Read more<span class=\"screen-reader-text\"> &#8220;ORGANIZATORI&#8221;<\/span><\/a><\/p>\n","protected":false},"author":1,"featured_media":0,"parent":0,"menu_order":0,"comment_status":"closed","ping_status":"closed","template":"elementor_theme","meta":{"footnotes":""},"class_list":["post-280","page","type-page","status-publish","hentry"],"_links":{"self":[{"href":"https:\/\/rawmeteo.ro\/index.php?rest_route=\/wp\/v2\/pages\/280","targetHints":{"allow":["GET"]}}],"collection":[{"href":"https:\/\/rawmeteo.ro\/index.php?rest_route=\/wp\/v2\/pages"}],"about":[{"href":"https:\/\/rawmeteo.ro\/index.php?rest_route=\/wp\/v2\/types\/page"}],"author":[{"embeddable":true,"href":"https:\/\/rawmeteo.ro\/index.php?rest_route=\/wp\/v2\/users\/1"}],"replies":[{"embeddable":true,"href":"https:\/\/rawmeteo.ro\/index.php?rest_route=%2Fwp%2Fv2%2Fcomments&post=280"}],"version-history":[{"count":219,"href":"https:\/\/rawmeteo.ro\/index.php?rest_route=\/wp\/v2\/pages\/280\/revisions"}],"predecessor-version":[{"id":2561,"href":"https:\/\/rawmeteo.ro\/index.php?rest_route=\/wp\/v2\/pages\/280\/revisions\/2561"}],"wp:attachment":[{"href":"https:\/\/rawmeteo.ro\/index.php?rest_route=%2Fwp%2Fv2%2Fmedia&parent=280"}],"curies":[{"name":"wp","href":"https:\/\/api.w.org\/{rel}","templated":true}]}}