{"id":14,"date":"2022-09-04T11:32:05","date_gmt":"2022-09-04T11:32:05","guid":{"rendered":"https:\/\/rawmeteo.ro\/wp1\/?page_id=14"},"modified":"2025-11-24T18:22:14","modified_gmt":"2025-11-24T18:22:14","slug":"about","status":"publish","type":"page","link":"https:\/\/rawmeteo.ro\/?page_id=14","title":{"rendered":"Regulamentul concursului"},"content":{"rendered":"\t\t<div data-elementor-type=\"wp-page\" data-elementor-id=\"14\" class=\"elementor elementor-14\">\n\t\t\t\t\t\t\t\t\t<section class=\"elementor-section elementor-top-section elementor-element elementor-element-2b1bf5a3 elementor-section-boxed elementor-section-height-default elementor-section-height-default\" data-id=\"2b1bf5a3\" data-element_type=\"section\">\n\t\t\t\t\t\t<div class=\"elementor-container elementor-column-gap-default\">\n\t\t\t\t\t<div class=\"elementor-column elementor-col-100 elementor-top-column elementor-element elementor-element-5ffc3ea0\" data-id=\"5ffc3ea0\" data-element_type=\"column\">\n\t\t\t<div class=\"elementor-widget-wrap elementor-element-populated\">\n\t\t\t\t\t\t\t\t<div class=\"elementor-element elementor-element-de11b24 elementor-widget elementor-widget-text-editor\" data-id=\"de11b24\" data-element_type=\"widget\" data-widget_type=\"text-editor.default\">\n\t\t\t\t<div class=\"elementor-widget-container\">\n\t\t\t\t\t\t\t<p><span style=\"color: #000000;\"><strong>Raw Meteo<\/strong> este un concurs na\u021bional, av\u00e2nd scopul de a \u00eencuraja, a sus\u021bine \u0219i a aduce la lumin\u0103 un concept nou de fotografie pentru Rom\u00e2nia, o pasiune ce \u00eencepe s\u0103 prind\u0103 contur \u0219i la noi \u00een \u021bar\u0103: <strong>surprinderea fenomenelor severe.<\/strong><\/span><\/p><p><span style=\"color: #000000;\"><strong>Raw Meteo<\/strong> este adresat tuturor pasiona\u021bilor de fenomene severe \u0219i de \u00eentregul spectacol al naturii. De aceea, oferim participan\u021bilor posibilitatea de a se \u00eenscrie la una sau la toate categoriile men\u021bionate mai jos, cu un maxim de <strong>3 fotografii<\/strong> pentru fiecare sec\u021biune \u00een parte <span class=\"dia_suggestion w0\" contextmenu=\"true\">\u0219i<\/span> cu <strong>2 fotografii<\/strong> <span class=\"dia_suggestion w3\" contextmenu=\"true\">la<\/span>\u00a0<strong>CATEGORIA\u00a0<span class=\"dia_suggestion w5\" contextmenu=\"true\">SPECIAL\u0102,<\/span><\/strong> respect\u00e2nd cerin\u021ba de a concura doar cu fotografii realizate pe <strong>teritoriul Rom\u00e2niei<\/strong>:<\/span><\/p><p><span style=\"color: #000000;\">\u25aa &#8211; Surprinderea fenomenelor severe cu aparatul foto (DSLR\/ Mirrorless)<\/span><br \/><span style=\"color: #000000;\">\u25aa &#8211; Surprinderea fenomenelor severe cu drona<\/span><br \/><span style=\"color: #000000;\">\u25aa &#8211; Surprinderea fenomenelor severe cu telefonul<\/span><br \/><span style=\"color: #000000;\">\u25aa &#8211; Categorie special\u0103: Video (Timelapse, Video Edit)<\/span><\/p><p><span style=\"color: #000000;\"><strong>\u2756 TEMATICA<\/strong><\/span><\/p><p><span style=\"color: #ff0000;\"><strong>Surprinderea fenomenelor severe \u00een Rom\u00e2nia<\/strong><\/span><\/p><p><span style=\"color: #000000;\"><strong><span style=\"text-decoration: underline;\">Ce sunt Fenomenele Severe ?\u00a0<\/span><\/strong><\/span><\/p><p><span style=\"color: #000000;\">Fenomenele severe sunt acele fenomene care reprezint\u0103 un poten\u021bial pericol pentru activit\u0103\u021bile omene\u0219ti de zi cu zi \u0219i nu numai. \u00cen general, acestea sunt generate de c\u0103tre celulele convective (furtuni): desc\u0103rc\u0103ri electrice, intensific\u0103ri de v\u00e2nt\/vijelii, grindin\u0103, averse puternice, forma\u021biuni noroase \u0219i chiar tornade.<\/span><\/p><p><span style=\"color: #ff0000;\"><strong>Not\u0103: \u00censcrierea la concurs este gratuit\u0103, f\u0103r\u0103 tax\u0103 de participare.<\/strong><\/span><\/p><p><span style=\"color: #000000;\"><strong>I. \u2756 CUM TE POTI INSCRIE<\/strong><\/span><br \/><span style=\"color: #000000;\">1. Trimite email la adresa <strong>rawmeteo@gmail.com<\/strong> cu:<\/span><br \/><span style=\"color: #000000;\">2. Datele tale de contact: \u2013NUME -PRENUME -EMAIL -NUM\u0102R DE TELEFON<\/span><br \/><span style=\"color: #000000;\">3. Denume\u0219te fiecare fotografie cu numele t\u0103u \u0219i titlul lucr\u0103rii, apoi \u00eencarc\u0103-le pe un link wetransfer.com, pe care s\u0103 ni-l trimi\u021bi al\u0103turi de datele tale de contact.<\/span><br \/><span style=\"color: #000000;\">4. Pentru participarea la concurs, v\u0103 rug\u0103m s\u0103 accesa\u021bi \u0219i s\u0103 semna\u021bi documentul din linkul de mai jos, care prevede prelucrarea datelor personale necesare pentru participarea la concurs \u0219i s\u0103 ni-l trimi\u021bi pe email al\u0103turi de datele de contact \u0219i de linkul cu fotografii. <\/span><\/p><p><span style=\"color: #000000;\">Mul\u021bumim!<\/span><\/p><p><span style=\"color: #000000;\"><a style=\"color: #000000;\" href=\"https:\/\/rawmeteo.ro\/docs\/Date_personale_RAW_Meteo.docx\">https:\/\/rawmeteo.ro\/docs\/Date_personale_RAW_Meteo.docx<\/a><\/span><\/p><p><span style=\"text-decoration: underline; color: #000000;\"><strong>II. Criteriile fotografiilor \u00eenscrise<\/strong><\/span><\/p><p><span style=\"color: #000000;\">1. <strong>Obligatoriu<\/strong>, fotografiile \u00eenscrise trebuie s\u0103 aib\u0103 precizate loca\u021bia \u0219i data surprinderii fenomenului.<\/span><br \/><span style=\"color: #000000;\">2. Fotografiile trebuie s\u0103 aib\u0103 latura mare de minim <strong>3000 px.<\/strong><\/span><br \/><span style=\"color: #000000;\">3. Fotografiile trebuie s\u0103 fie la rezolu\u021bie de print, calitate la<strong> 300dpi.<\/strong><\/span><br \/><span style=\"color: #ff0000;\"><strong>Not\u0103: <\/strong><strong>Acest criteriu poate \u00eensemna o not\u0103 eliminatorie deoarece fotografiile nu pot avea o expunere calitativ\u0103.<\/strong><\/span><br \/><span style=\"color: #000000;\">4. Rezultatul edit\u0103rii nu trebuie s\u0103 \u00eendep\u0103rteze cadrul de aspectul s\u0103u natural.<\/span><br \/><span style=\"color: #000000;\">5. Formatul de fi\u0219ier: <strong>.jpg \u0219i s\u0103 con\u021bin\u0103 informa\u021biile EXIF ale fi\u0219ierului.\u00a0<\/strong><\/span><br \/><span style=\"color: #000000;\">6. Se accept\u0103 prelucrarea pozelor la nivel de corec\u021bii de baz\u0103 (brightness\/contrast, levels, unsharp, crop, wb, etc.), at\u00e2ta timp c\u00e2t aspectul nu se dep\u0103rteaz\u0103 mult fa\u021b\u0103 de fotografia original\u0103.<\/span><br \/><span style=\"color: #000000;\">7. Interven\u021biile creative asupra fotografiilor, de tip colaje <strong>NU<\/strong> sunt acceptate.<\/span><br \/><span style=\"color: #000000;\">8. Fotografiile <strong>NU<\/strong> trebuie s\u0103 con\u021bin\u0103 watermark-uri sau rame.<\/span><\/p><p><span style=\"color: #000000;\"><strong>\u25aa Perioada de \u00eenscriere este:<\/strong><\/span><br \/><span style=\"color: #ff0000;\"><strong>15 noiembrie 2025 \u2013 31 ianuarie 2026<\/strong><\/span><br \/><strong><span style=\"color: #000000;\">\u25aa Perioada de jurizare este:<\/span><\/strong><br \/><strong><span style=\"color: #ff0000;\">01 Februarie 2026 \u2013 28 Februarie 2026<\/span><\/strong><\/p><p><span style=\"color: #000000;\">\u25aa <strong>GALA PREMIILOR RAW METEO 2026<\/strong> va avea loc in data de <span style=\"color: #ff0000;\"><strong>28 Martie<\/strong><\/span>, la <\/span><span style=\"color: #000000;\"><strong>CINEMA DACIA<\/strong>, <strong>Str.Bucegi Nr.11<\/strong> \u2013 <strong>Cluj-Napoca.<\/strong><\/span><br \/><span style=\"color: #000000;\">\u25aa <strong>Obs:<\/strong> Cite\u0219te cu aten\u021bie regulamentul concursului pe care, \u00een calitate de <\/span><span style=\"color: #000000;\">autor al lucr\u0103rilor participante, e\u0219ti de acord s\u0103 \u00eel respec\u021bi.<\/span><\/p><p><strong>\u2756 REGULAMENT PARTICIPARE RAW METEO<\/strong><\/p><p><span style=\"color: #000000;\">V\u0103 invit\u0103m s\u0103 participa\u021bi la concursul dedicat surprinderii fenomenelor severe \u00een<br \/>fotografie.<\/span><\/p><p><strong>I. SECTIUNI<\/strong><\/p><p>1. Surprinderea fenomenelor severe cu aparatul foto<br \/>2. Surprinderea fenomenelor severe cu drona<br \/>3. Surprinderea fenomenelor severe cu telefonul<\/p><p><strong>II. CATEGORIE VIDEO<\/strong><\/p><p><strong>III.CATEGORIE SPECIAL\u0102: Tipuri de cea\u021b\u0103 ( 2 FOTOGRAFII )<\/strong><\/p><p data-start=\"94\" data-end=\"122\"><strong data-start=\"97\" data-end=\"122\">1\ufe0f\u20e3 Cea\u021b\u0103 de radia\u021bie<\/strong><\/p><p data-start=\"125\" data-end=\"185\"><strong data-start=\"125\" data-end=\"143\">Cea\u021b\u0103 carstic\u0103<\/strong> \u2013 apare \u00een doline, uvale, zone carstice<\/p><p data-start=\"188\" data-end=\"264\"><strong data-start=\"188\" data-end=\"206\">Cea\u021b\u0103 de lunc\u0103<\/strong> \u2013 se formeaz\u0103 \u00een v\u0103i \u0219i lunci unde aerul rece stagneaz\u0103<\/p><p data-start=\"267\" data-end=\"319\"><strong data-start=\"267\" data-end=\"292\">Cea\u021b\u0103 de c\u00e2mp deschis<\/strong> \u2013 pe teren plat, agricol<\/p><p data-start=\"326\" data-end=\"354\"><strong data-start=\"329\" data-end=\"354\">2\ufe0f\u20e3 Cea\u021b\u0103 de advec\u021bie<\/strong><\/p><p data-start=\"357\" data-end=\"449\"><strong data-start=\"357\" data-end=\"387\">Cea\u021b\u0103 maritim\u0103 \/ de coast\u0103<\/strong> \u2013 c\u00e2nd aerul cald \u0219i umed de la mare \u00eent\u00e2lne\u0219te \u021b\u0103rmul rece<\/p><p data-start=\"452\" data-end=\"543\"><strong data-start=\"452\" data-end=\"474\">Cea\u021b\u0103 continental\u0103<\/strong> \u2013 aer cald \u0219i umed care se deplaseaz\u0103 peste teren rece continental<\/p><p data-start=\"550\" data-end=\"594\"><strong data-start=\"553\" data-end=\"594\">3\ufe0f\u20e3 Cea\u021b\u0103 de evaporare (steaming fog)<\/strong><\/p><p data-start=\"597\" data-end=\"665\"><strong data-start=\"597\" data-end=\"619\">Cea\u021b\u0103 de lac \/ r\u00e2u<\/strong> \u2013 c\u00e2nd aerul rece trece peste ap\u0103 mai cald\u0103<\/p><p data-start=\"668\" data-end=\"740\"><strong data-start=\"668\" data-end=\"687\">Cea\u021b\u0103 de ploaie<\/strong> \u2013 apare c\u00e2nd ploaia cade \u00eentr-un aer rece \u0219i uscat<\/p><p data-start=\"747\" data-end=\"797\"><strong data-start=\"750\" data-end=\"797\">4\ufe0f\u20e3 Cea\u021b\u0103 de pant\u0103 \/ de munte (upslope fog)<\/strong><\/p><p data-start=\"800\" data-end=\"855\"><strong data-start=\"800\" data-end=\"820\">Cea\u021b\u0103 de versant<\/strong> \u2013 aer for\u021bat s\u0103 urce pe versan\u021bi<\/p><p data-start=\"800\" data-end=\"855\"><strong data-start=\"858\" data-end=\"886\">Cea\u021b\u0103 de masiv \/ montan\u0103<\/strong> \u2013 aerul urc\u0103 peste masive muntoase, se r\u0103ce\u0219te \u0219i condenseaz\u0103<\/p><p data-start=\"957\" data-end=\"982\"><strong data-start=\"960\" data-end=\"982\">5\ufe0f\u20e3 Cea\u021b\u0103 frontal\u0103<\/strong><\/p><p data-start=\"985\" data-end=\"1042\"><strong data-start=\"985\" data-end=\"1008\">Cea\u021b\u0103 de front cald<\/strong> \u2013 apare \u00eenaintea frontului cald<\/p><p data-start=\"985\" data-end=\"1042\"><strong data-start=\"1045\" data-end=\"1068\">Cea\u021b\u0103 de front rece<\/strong> \u2013 se formeaz\u0103 dup\u0103 trecerea frontului rece<\/p><p data-start=\"1116\" data-end=\"1202\"><strong data-start=\"1116\" data-end=\"1141\">Cea\u021b\u0103 de front occlus<\/strong> \u2013 asociat\u0103 cu fronturile occluzionate, mai pu\u021bin frecvent\u0103<\/p><p><strong>\u00a0<\/strong><\/p><p><strong>\u2756 CINE \u0218I CUM SE POATE PARTICIPA?<\/strong><\/p><p><span style=\"color: #000000;\">Orice persoan\u0103 cu v\u00e2rsta peste<strong> 18 ani,<\/strong> pasiona\u021bi de surprinderea fenomenelor severe cu drona, aparatul foto sau telefon.<br \/>Concursul este deschis inclusiv membrilor grupurilor organizatorice care <strong>NU<\/strong> au statut de jurat sau de organizator al acestui concurs.<br \/><strong>NU<\/strong> au drept de participare persoanele minore, organizatorii concursului sau persoanele ce fac parte din juriu.\u00a0 \u00a0 \u00a0 \u00a0 \u00a0 \u00a0 \u00a0 \u00a0 \u00a0 \u00a0 \u00a0 \u00a0 \u00a0 \u00a0 \u00a0 \u00a0 \u00a0 \u00a0 <\/span><span style=\"color: #000000;\">De asemenea, administratorii \u0219i moderatorii grupurilor organizatorice nu au drept de participare la concurs.<br \/>Fotografiile se trimit prin link de <a href=\"http:\/\/www.wetransfer.com\">wetransfer<\/a>, av\u00e2nd precizate numele \u0219i titlul pentru fiecare fotografie.<br \/>Linkul cu fotografiile se trimite la adresa de email rawmeteo@gmail.com al\u0103turi de datele tale de contact, cu specificarea categoriilor sau tematicilor la care dore\u0219ti s\u0103 participi, \u00eenso\u021bite de formularul GDPR completat \u0219i semnat.<br \/>Se vor trimite maxim <strong>3 fotografii<\/strong> pentru fiecare sec\u021biune \u00een parte <span class=\"dia_suggestion w0\" contextmenu=\"true\">\u0219i<\/span> cu <strong>2 fotografii<\/strong> <span class=\"dia_suggestion w3\" contextmenu=\"true\">la<\/span>\u00a0<strong>CATEGORIA\u00a0<span class=\"dia_suggestion w5\" contextmenu=\"true\">SPECIAL\u0102<\/span><\/strong>, participantul put\u00e2nd alege una sau toate trei sec\u021biunile la \u00eenscriere, inclusiv categoria special\u0103 video.<br \/><strong>Nerespectarea oric\u0103rei cerin\u021be din prezentul regulament duce la eliminarea<\/strong> <strong>automat\u0103 a participantului din concurs.<\/strong><br \/>\u00censcrierea \u00een concurs presupune acceptarea prezentului regulament \u0219i respectarea acestuia.<br \/>Fotografiile c\u00e2\u0219tig\u0103toare vor fi tip\u0103rite \u0219i expuse cu ocazia premierii.<br \/>Prin \u00eenscrierea la concurs, participan\u021bii \u00ee\u0219i ofer\u0103 acordul \u0219i dreptul de tip\u0103rire pentru RAW Meteo, a lucr\u0103rilor participante f\u0103r\u0103, \u00eens\u0103,\u00a0 <\/span><span style=\"color: #000000;\">a-\u0219i pierde drepturile lor de autor \u0219i f\u0103r\u0103 a se ob\u021bine foloase materiale.<br \/>Prin \u00eenscrierea la concurs v\u0103 oferi\u021bi acordul de prelucrare a datelor cu caracter personal oferite, necesare particip\u0103rii.<br \/>Dac\u0103 un participant c\u00e2\u0219tig\u0103 mai multe locuri de premiere, acestuia i se va acorda doar locul superior dob\u00e2ndit \u00een urma juriz\u0103rii. C\u00e2\u0219tig\u0103torii au dreptul la un singur loc de premiere.<br \/><\/span><\/p><p><strong><span style=\"color: #000000;\">\u2756 JURIZAREA<\/span><\/strong><\/p><p><span style=\"color: #000000;\">\u2022 Jurizarea se va face pe baza unui barem de notare, de la 1 la 5. \u00cen func\u021bie de media calculat\u0103, se vor desemna c\u00e2\u0219tig\u0103torii.<br \/><\/span><\/p><p><span style=\"color: #000000;\">\u2022 <strong>Criteriile de care se va \u021bine cont \u00een sec\u021biunile dedicate fotografiei sunt:<\/strong><\/span><\/p><p><span style=\"color: #000000;\">o Titlu (8%),<br \/>o Respectarea tematicii (25%),<br \/>o Elementele Tehnice ale Fotografiei (20%),<br \/>o Impact Vizual (14%),<br \/>o Originalitate (10%),<br \/>o Compozi\u021bie (23%).<\/span><\/p><p><span style=\"color: #000000;\"><br \/><strong>\u2022 Criteriile de care se va \u021bine cont \u00een sec\u021biunea video sunt:<\/strong><\/span><\/p><p><span style=\"color: #000000;\">o Respectarea tematicii (25%),<br \/>o Calitatea vizual\u0103 a film\u0103rii (15%)<br \/>o Creativitate \u0219i Originalitate (10%),<br \/>o Mesajul sau Povestea (15%),<br \/>o Impact Vizual (14%),<br \/>o Tehnici de filmare \u0219i editare (21%).<\/span><\/p><p><span style=\"color: #000000;\"><strong>\u2022<span class=\"dia_suggestion w0\" contextmenu=\"true\">LA<\/span>\u00a0CATEGORIA\u00a0<span class=\"dia_suggestion w2\" contextmenu=\"true\">SPECIAL\u0102<\/span>\u00a0(\u00a0<span class=\"dia_suggestion w3\" contextmenu=\"true\">CEA\u021a<span class=\"dia_suggestion w2\" contextmenu=\"true\">\u0102<\/span><\/span>\u00a0)\u00a0<span class=\"dia_suggestion w4\" contextmenu=\"true\">SE<\/span>\u00a0<span class=\"dia_suggestion w5\" contextmenu=\"true\">\u021aINE<\/span>\u00a0<span class=\"dia_suggestion w6\" contextmenu=\"true\">CONT<\/span>\u00a0DE\u00a0<span style=\"color: #ff0000;\">VOTUL PUBLICULUI !!!\u00a0<\/span><\/strong><\/span><\/p><p>\u2756 PREMII RAW METEO 2026<\/p><p>Detalii \u00een cur\u00e2nd<\/p>\t\t\t\t\t\t<\/div>\n\t\t\t\t<\/div>\n\t\t\t\t\t<\/div>\n\t\t<\/div>\n\t\t\t\t\t\t\t<\/div>\n\t\t<\/section>\n\t\t\t\t\t\t\t<\/div>\n\t\t","protected":false},"excerpt":{"rendered":"<p>Raw Meteo este un concurs na\u021bional, av\u00e2nd scopul de a \u00eencuraja, a sus\u021bine \u0219i a aduce la lumin\u0103 un concept nou de fotografie pentru Rom\u00e2nia, o pasiune ce \u00eencepe s\u0103 prind\u0103 contur \u0219i la noi \u00een \u021bar\u0103: surprinderea fenomenelor severe. Raw Meteo este adresat tuturor pasiona\u021bilor de fenomene severe \u0219i de \u00eentregul spectacol al naturii. &hellip; <\/p>\n<p class=\"link-more\"><a href=\"https:\/\/rawmeteo.ro\/?page_id=14\" class=\"more-link\">Read more<span class=\"screen-reader-text\"> &#8220;Regulamentul concursului&#8221;<\/span><\/a><\/p>\n","protected":false},"author":1,"featured_media":0,"parent":0,"menu_order":0,"comment_status":"closed","ping_status":"closed","template":"elementor_theme","meta":{"footnotes":""},"class_list":["post-14","page","type-page","status-publish","hentry"],"_links":{"self":[{"href":"https:\/\/rawmeteo.ro\/index.php?rest_route=\/wp\/v2\/pages\/14","targetHints":{"allow":["GET"]}}],"collection":[{"href":"https:\/\/rawmeteo.ro\/index.php?rest_route=\/wp\/v2\/pages"}],"about":[{"href":"https:\/\/rawmeteo.ro\/index.php?rest_route=\/wp\/v2\/types\/page"}],"author":[{"embeddable":true,"href":"https:\/\/rawmeteo.ro\/index.php?rest_route=\/wp\/v2\/users\/1"}],"replies":[{"embeddable":true,"href":"https:\/\/rawmeteo.ro\/index.php?rest_route=%2Fwp%2Fv2%2Fcomments&post=14"}],"version-history":[{"count":159,"href":"https:\/\/rawmeteo.ro\/index.php?rest_route=\/wp\/v2\/pages\/14\/revisions"}],"predecessor-version":[{"id":2744,"href":"https:\/\/rawmeteo.ro\/index.php?rest_route=\/wp\/v2\/pages\/14\/revisions\/2744"}],"wp:attachment":[{"href":"https:\/\/rawmeteo.ro\/index.php?rest_route=%2Fwp%2Fv2%2Fmedia&parent=14"}],"curies":[{"name":"wp","href":"https:\/\/api.w.org\/{rel}","templated":true}]}}